{"id":283,"date":"2026-04-08T18:13:05","date_gmt":"2026-04-08T16:13:05","guid":{"rendered":"https:\/\/markovsolenkov.lt\/?page_id=283"},"modified":"2026-04-08T18:13:10","modified_gmt":"2026-04-08T16:13:10","slug":"paslaugu-teikimo-ir-bilietu-pirkimo-taisykles","status":"publish","type":"page","link":"https:\/\/markovsolenkov.lt\/lt\/paslaugu-teikimo-ir-bilietu-pirkimo-taisykles\/","title":{"rendered":"Paslaug\u0173 teikimo ir biliet\u0173 pirkimo taisykl\u0117s"},"content":{"rendered":"<p><strong>1. Bendrosios nuostatos<\/strong><br>\u00a01.1. \u0160ios taisykl\u0117s (toliau \u2013 Taisykl\u0117s) nustato paslaug\u0173 teikimo ir biliet\u0173 \u012f renginius (muzikinius \u017eaidimus \/ viktorinas) pirkimo s\u0105lygas interneto svetain\u0117je\u00a0<strong><a href=\"https:\/\/markovsolenkov.lt\/lt\/\" target=\"_blank\" rel=\"noreferrer noopener\">https:\/\/markovsolenkov.lt\/<\/a><\/strong>.<br> 1.2. Svetain\u0119 ir paslaugas valdo\u00a0<strong>MB \u201eMAFIJA\u201c<\/strong>\u00a0(\u012fmon\u0117s kodas: 307552189, adresas: Vir\u0161il\u0173 g. 6-63, LT-05131 Vilnius, toliau \u2013 Organizatorius). <br>1.3. Pirk\u0117jas, pirkdamas biliet\u0105 Svetain\u0117je, patvirtina, kad susipa\u017eino su \u0161iomis Taisykl\u0117mis ir su jomis sutinka.<\/p>\n\n\n\n<p><strong>2. Biliet\u0173 pirkimas ir paslaugos teikimas<\/strong>\u00a0<br>2.1. Svetain\u0117je parduodami bilietai \u012f Organizatoriaus rengiamus pramoginius renginius nurodytomis datomis. <br>2.2. S\u0117kmingai apmok\u0117jus u\u017esakym\u0105, Pirk\u0117jas nurodytu elektroniniu pa\u0161tu gauna u\u017esakymo patvirtinim\u0105 \/ elektronin\u012f biliet\u0105. \u0160is lai\u0161kas yra Pirk\u0117jo teis\u0117s dalyvauti renginyje \u012frodymas.<br>2.3. Bilietas galioja tik tam renginiui ir tai datai, kuri nurodyta perkant.<\/p>\n\n\n\n<p><strong>3. Apmok\u0117jimo tvarka<\/strong>\u00a0<br>3.1. U\u017e bilietus Pirk\u0117jas gali atsiskaityti Svetain\u0117je nurodytais elektroninio atsiskaitymo b\u016bdais (elektronine bankininkyste, mok\u0117jimo kortel\u0117mis ir kt.). <br>3.2. Bilietai rezervuojami ir i\u0161siun\u010diami tik gavus piln\u0105 apmok\u0117jim\u0105.<\/p>\n\n\n\n<p><strong>4. Gr\u0105\u017einimo ir keitimo politika<\/strong><\/p>\n\n\n\n<p>\u00a04.1. Remiantis Lietuvos Respublikos Civilinio kodekso 6.228-10 straipsnio 2 dalies 12 punktu, sutartims d\u0117l laisvalaikio paslaug\u0173, kuriose nustatyta konkreti paslaug\u0173 teikimo data ar laikotarpis,\u00a0<strong>netaikoma vartotojo teis\u0117 atsisakyti sutarties per 14 dien\u0173. Tod\u0117l \u012fsigyti bilietai n\u0117ra gr\u0105\u017einami.<\/strong><\/p>\n\n\n\n<p>\u00a04.2.\u00a0<strong>Biliet\u0173 perk\u0117limas:<\/strong>\u00a0Jei Pirk\u0117jas d\u0117l svarbi\u0173 ir pagr\u012fst\u0173 prie\u017eas\u010di\u0173 negali dalyvauti renginyje, jis turi teis\u0119 pra\u0161yti perkelti jo biliet\u0105 \u012f kit\u0105 (artimiausi\u0105) Organizatoriaus rengin\u012f. Apie tai Pirk\u0117jas privalo informuoti Organizatori\u0173 el. pa\u0161tu\u00a0<strong>ne v\u0117liau kaip prie\u0161 2 dienas (48 valandas)<\/strong>\u00a0iki renginio prad\u017eios. Sprendim\u0105 d\u0117l bilieto perk\u0117limo priima Organizatorius. <\/p>\n\n\n\n<p>4.3. Jei renginys at\u0161aukiamas ar perkeliamas d\u0117l Organizatoriaus kalt\u0117s, Pirk\u0117jas turi teis\u0119 reikalauti gr\u0105\u017einti u\u017e biliet\u0105 sumok\u0117tus pinigus arba pasirinkti dalyvavim\u0105 kitame renginyje.<\/p>\n\n\n\n<p><strong>5. Asmens duomen\u0173 apsauga<\/strong>\u00a0<\/p>\n\n\n\n<p>5.1. Pirk\u0117j\u0173 asmens duomenys tvarkomi laikantis Lietuvos Respublikos ir ES teis\u0117s akt\u0173. I\u0161sami informacija pateikiama m\u016bs\u0173 <a href=\"https:\/\/markovsolenkov.lt\/lt\/privatumo-politika\/\" title=\"\">Privatumo politikoje<\/a>.<\/p>\n\n\n\n<p><strong>6. Gin\u010d\u0173 sprendimo tvarka (Vartotoj\u0173 teis\u0117s)<\/strong><\/p>\n\n\n\n<p>\u00a06.1. Jei Pirk\u0117jas (vartotojas) mano, kad Organizatorius pa\u017eeid\u0117 jo teises, jis pirmiausia turi ra\u0161tu kreiptis \u012f Organizatori\u0173 el. pa\u0161tu markov.andrej@gmail.com ir nurodyti savo reikalavim\u0105. Organizatorius \u012fsipareigoja atsakyti per 14 dien\u0173. <\/p>\n\n\n\n<p>6.2. Jei Pirk\u0117jo netenkina Organizatoriaus atsakymas, jis turi teis\u0119 kreiptis \u012f Valstybin\u0119 vartotoj\u0173 teisi\u0173 apsaugos tarnyb\u0105<br>(Vilniaus g. 25, 01402 Vilnius, el. p. tarnyba@vvtat.lt, tel. 852626751, interneto svetain\u0117je www.vvtat.lt) arba u\u017epildyti pra\u0161ym\u0105 EGS platformoje\u00a0<a rtrvr-ls=\"0~hs,12~lc,13~lc,15~lc,38~lc,39~lc,47~lc\" rtrvr-ro=\"50\" href=\"https:\/\/www.google.com\/search?q=http:\/\/ec.europa.eu\/odr\/\" target=\"_blank\" rel=\"noreferrer noopener\">http:\/\/ec.europa.eu\/odr\/<\/a>.<\/p>\n\n\n\n<p><\/p>","protected":false},"excerpt":{"rendered":"<p>1. Bendrosios nuostatos\u00a01.1. \u0160ios taisykl\u0117s (toliau \u2013 Taisykl\u0117s) nustato paslaug\u0173 teikimo ir biliet\u0173 \u012f renginius (muzikinius \u017eaidimus \/ viktorinas) pirkimo [&hellip;]<\/p>\n","protected":false},"author":2,"featured_media":0,"parent":0,"menu_order":0,"comment_status":"closed","ping_status":"closed","template":"","meta":{"_monsterinsights_skip_tracking":false,"_monsterinsights_sitenote_active":false,"_monsterinsights_sitenote_note":"","_monsterinsights_sitenote_category":0,"site-sidebar-layout":"default","site-content-layout":"","ast-site-content-layout":"default","site-content-style":"default","site-sidebar-style":"default","ast-global-header-display":"","ast-banner-title-visibility":"","ast-main-header-display":"","ast-hfb-above-header-display":"","ast-hfb-below-header-display":"","ast-hfb-mobile-header-display":"","site-post-title":"","ast-breadcrumbs-content":"","ast-featured-img":"","footer-sml-layout":"","ast-disable-related-posts":"","theme-transparent-header-meta":"","adv-header-id-meta":"","stick-header-meta":"","header-above-stick-meta":"","header-main-stick-meta":"","header-below-stick-meta":"","astra-migrate-meta-layouts":"default","ast-page-background-enabled":"default","ast-page-background-meta":{"desktop":{"background-color":"var(--ast-global-color-5)","background-image":"","background-repeat":"repeat","background-position":"center center","background-size":"auto","background-attachment":"scroll","background-type":"","background-media":"","overlay-type":"","overlay-color":"","overlay-opacity":"","overlay-gradient":""},"tablet":{"background-color":"","background-image":"","background-repeat":"repeat","background-position":"center center","background-size":"auto","background-attachment":"scroll","background-type":"","background-media":"","overlay-type":"","overlay-color":"","overlay-opacity":"","overlay-gradient":""},"mobile":{"background-color":"","background-image":"","background-repeat":"repeat","background-position":"center center","background-size":"auto","background-attachment":"scroll","background-type":"","background-media":"","overlay-type":"","overlay-color":"","overlay-opacity":"","overlay-gradient":""}},"ast-content-background-meta":{"desktop":{"background-color":"var(--ast-global-color-4)","background-image":"","background-repeat":"repeat","background-position":"center center","background-size":"auto","background-attachment":"scroll","background-type":"","background-media":"","overlay-type":"","overlay-color":"","overlay-opacity":"","overlay-gradient":""},"tablet":{"background-color":"var(--ast-global-color-4)","background-image":"","background-repeat":"repeat","background-position":"center center","background-size":"auto","background-attachment":"scroll","background-type":"","background-media":"","overlay-type":"","overlay-color":"","overlay-opacity":"","overlay-gradient":""},"mobile":{"background-color":"var(--ast-global-color-4)","background-image":"","background-repeat":"repeat","background-position":"center center","background-size":"auto","background-attachment":"scroll","background-type":"","background-media":"","overlay-type":"","overlay-color":"","overlay-opacity":"","overlay-gradient":""}},"footnotes":""},"class_list":["post-283","page","type-page","status-publish","hentry"],"aioseo_notices":[],"_links":{"self":[{"href":"https:\/\/markovsolenkov.lt\/lt\/wp-json\/wp\/v2\/pages\/283","targetHints":{"allow":["GET"]}}],"collection":[{"href":"https:\/\/markovsolenkov.lt\/lt\/wp-json\/wp\/v2\/pages"}],"about":[{"href":"https:\/\/markovsolenkov.lt\/lt\/wp-json\/wp\/v2\/types\/page"}],"author":[{"embeddable":true,"href":"https:\/\/markovsolenkov.lt\/lt\/wp-json\/wp\/v2\/users\/2"}],"replies":[{"embeddable":true,"href":"https:\/\/markovsolenkov.lt\/lt\/wp-json\/wp\/v2\/comments?post=283"}],"version-history":[{"count":1,"href":"https:\/\/markovsolenkov.lt\/lt\/wp-json\/wp\/v2\/pages\/283\/revisions"}],"predecessor-version":[{"id":284,"href":"https:\/\/markovsolenkov.lt\/lt\/wp-json\/wp\/v2\/pages\/283\/revisions\/284"}],"wp:attachment":[{"href":"https:\/\/markovsolenkov.lt\/lt\/wp-json\/wp\/v2\/media?parent=283"}],"curies":[{"name":"wp","href":"https:\/\/api.w.org\/{rel}","templated":true}]}}